{"id":528,"date":"2018-07-26T23:29:23","date_gmt":"2018-07-26T21:29:23","guid":{"rendered":"https:\/\/sifnostrails.com\/?page_id=528"},"modified":"2018-08-25T16:08:14","modified_gmt":"2018-08-25T14:08:14","slug":"way-marking","status":"publish","type":"page","link":"https:\/\/sifnostrails.com\/it\/way-marking\/","title":{"rendered":"Segnalazione"},"content":{"rendered":"<p><div class=\"fusion-fullwidth fullwidth-box fusion-builder-row-7 nonhundred-percent-fullwidth non-hundred-percent-height-scrolling\" style=\"--awb-border-radius-top-left:0px;--awb-border-radius-top-right:0px;--awb-border-radius-bottom-right:0px;--awb-border-radius-bottom-left:0px;\" ><div class=\"fusion-builder-row fusion-row\"><div class=\"fusion-layout-column fusion_builder_column fusion-builder-column-9 fusion_builder_column_1_1 1_1 fusion-one-full fusion-column-first fusion-column-last\" style=\"--awb-bg-size:cover;\"><div class=\"fusion-column-wrapper fusion-flex-column-wrapper-legacy\"><div class=\"fusion-image-element in-legacy-container\" style=\"--awb-caption-title-size:var(--h2_typography-font-size);--awb-caption-title-transform:var(--h2_typography-text-transform);--awb-caption-title-line-height:var(--h2_typography-line-height);--awb-caption-title-letter-spacing:var(--h2_typography-letter-spacing);\"><span class=\" fusion-imageframe imageframe-none imageframe-7 hover-type-none\"><img decoding=\"async\" width=\"669\" height=\"108\" title=\"Way-marking-e1436247497119\" src=\"https:\/\/sifnostrails.com\/wp-content\/uploads\/2018\/07\/Way-marking-e1436247497119.jpg\" alt class=\"img-responsive wp-image-529\" srcset=\"https:\/\/sifnostrails.com\/wp-content\/uploads\/2018\/07\/Way-marking-e1436247497119-200x32.jpg 200w, https:\/\/sifnostrails.com\/wp-content\/uploads\/2018\/07\/Way-marking-e1436247497119-400x65.jpg 400w, https:\/\/sifnostrails.com\/wp-content\/uploads\/2018\/07\/Way-marking-e1436247497119-600x97.jpg 600w, https:\/\/sifnostrails.com\/wp-content\/uploads\/2018\/07\/Way-marking-e1436247497119.jpg 669w\" sizes=\"(max-width: 800px) 100vw, 669px\" \/><\/span><\/div><div class=\"fusion-text fusion-text-7\"><p><img decoding=\"async\" class=\"size-full wp-image-530 alignleft\" src=\"https:\/\/sifnostrails.com\/wp-content\/uploads\/2018\/07\/Difficulty.jpg\" alt=\"\" width=\"58\" height=\"58\" \/><\/p>\n<h3>Il livello di difficolt\u00e0 di ogni sentiero \u00e8 stato calcolato in base ad una scala di 5 livelli, secondo il sistema \u00abIBP index\u00bb della Federazione Escursionistica Francese (F\u00e9d\u00e9ration Fran\u00e7aise de Randonn\u00e9e P\u00e9destre). Per maggiori informazioni cliccate\u00a0<a href=\"http:\/\/www.ffrandonnee.fr\/_241\/cotation-de-randonnees-pedestres.aspx\" target=\"_blank\" rel=\"noopener\">qui<\/a>.<\/h3>\n<\/div><div class=\"fusion-clearfix\"><\/div><\/div><\/div><\/div><\/div><div class=\"fusion-fullwidth fullwidth-box fusion-builder-row-8 nonhundred-percent-fullwidth non-hundred-percent-height-scrolling\" style=\"--awb-border-radius-top-left:0px;--awb-border-radius-top-right:0px;--awb-border-radius-bottom-right:0px;--awb-border-radius-bottom-left:0px;\" ><div class=\"fusion-builder-row fusion-row\"><div class=\"fusion-layout-column fusion_builder_column fusion-builder-column-10 fusion_builder_column_1_2 1_2 fusion-one-half fusion-column-first\" style=\"--awb-bg-size:cover;width:50%;width:calc(50% - ( ( 4% ) * 0.5 ) );margin-right: 4%;\"><div class=\"fusion-column-wrapper fusion-flex-column-wrapper-legacy\"><div class=\"fusion-slider-sc fusion-flexslider-loading flexslider flexslider-hover-type-none\" data-slideshow_autoplay=\"1\" data-slideshow_smooth_height=\"0\" data-slideshow_speed=\"7000\" style=\"max-width:100%;height:100%;\"><ul class=\"slides\"><li class=\"image\"><span class=\"fusion-image-hover-element hover-type-none\"><img decoding=\"async\" src=\"https:\/\/sifnostrails.com\/wp-content\/uploads\/2018\/07\/DSC9031-1024x680.jpg\" \/><\/span><\/li><li class=\"image\"><span class=\"fusion-image-hover-element hover-type-none\"><img decoding=\"async\" src=\"https:\/\/sifnostrails.com\/wp-content\/uploads\/2018\/07\/DSC9010-1024x680.jpg\" \/><\/span><\/li><li class=\"image\"><span class=\"fusion-image-hover-element hover-type-none\"><img decoding=\"async\" src=\"https:\/\/sifnostrails.com\/wp-content\/uploads\/2018\/07\/DSC9073-1024x680.jpg\" \/><\/span><\/li><li class=\"image\"><span class=\"fusion-image-hover-element hover-type-none\"><img decoding=\"async\" src=\"https:\/\/sifnostrails.com\/wp-content\/uploads\/2018\/07\/DSC7458-1024x680.jpg\" \/><\/span><\/li><li class=\"image\"><span class=\"fusion-image-hover-element hover-type-none\"><img decoding=\"async\" src=\"https:\/\/sifnostrails.com\/wp-content\/uploads\/2018\/07\/DSC9082-1024x680.jpg\" \/><\/span><\/li><li class=\"image\"><span class=\"fusion-image-hover-element hover-type-none\"><img decoding=\"async\" src=\"https:\/\/sifnostrails.com\/wp-content\/uploads\/2018\/07\/DSC7635-1024x680.jpg\" \/><\/span><\/li><\/ul><\/div><div class=\"fusion-clearfix\"><\/div><\/div><\/div><div class=\"fusion-layout-column fusion_builder_column fusion-builder-column-11 fusion_builder_column_1_2 1_2 fusion-one-half fusion-column-last\" style=\"--awb-padding-top:50px;--awb-bg-size:cover;width:50%;width:calc(50% - ( ( 4% ) * 0.5 ) );\"><div class=\"fusion-column-wrapper fusion-flex-column-wrapper-legacy\"><div class=\"fusion-text fusion-text-8\"><h3 style=\"text-align: center;\">The hiking trails of Sifnos have been way-marked by<\/h3>\n<h3 style=\"text-align: center;\"><em>Paths of Greec<\/em>e in 2015.<\/h3>\n<\/div><div class=\"fusion-image-element fusion-image-align-center in-legacy-container\" style=\"text-align:center;--awb-caption-title-size:var(--h2_typography-font-size);--awb-caption-title-transform:var(--h2_typography-text-transform);--awb-caption-title-line-height:var(--h2_typography-line-height);--awb-caption-title-letter-spacing:var(--h2_typography-letter-spacing);\"><div class=\"imageframe-align-center\"><span class=\" fusion-imageframe imageframe-none imageframe-8 hover-type-none\"><img decoding=\"async\" width=\"300\" height=\"59\" title=\"LOGO-FINAL-Paths-of-Greece\" src=\"https:\/\/sifnostrails.com\/wp-content\/uploads\/2018\/07\/LOGO-FINAL-Paths-of-Greece.jpg\" alt class=\"img-responsive wp-image-537\" srcset=\"https:\/\/sifnostrails.com\/wp-content\/uploads\/2018\/07\/LOGO-FINAL-Paths-of-Greece-200x39.jpg 200w, https:\/\/sifnostrails.com\/wp-content\/uploads\/2018\/07\/LOGO-FINAL-Paths-of-Greece.jpg 300w\" sizes=\"(max-width: 800px) 100vw, 300px\" \/><\/span><\/div><\/div><div class=\"fusion-clearfix\"><\/div><\/div><\/div><\/div><\/div><\/p>","protected":false},"excerpt":{"rendered":"","protected":false},"author":1,"featured_media":0,"parent":0,"menu_order":0,"comment_status":"closed","ping_status":"closed","template":"","meta":{"footnotes":""},"class_list":["post-528","page","type-page","status-publish","hentry"],"yoast_head":"<!-- This site is optimized with the Yoast SEO plugin v27.3 - https:\/\/yoast.com\/product\/yoast-seo-wordpress\/ -->\n<title>Segnalazione - Sifnos Trails<\/title>\n<meta name=\"robots\" content=\"index, follow, max-snippet:-1, max-image-preview:large, max-video-preview:-1\" \/>\n<link rel=\"canonical\" href=\"https:\/\/sifnostrails.com\/it\/way-marking\/\" \/>\n<meta property=\"og:locale\" content=\"it_IT\" \/>\n<meta property=\"og:type\" content=\"article\" \/>\n<meta property=\"og:title\" content=\"Segnalazione - Sifnos Trails\" \/>\n<meta property=\"og:url\" content=\"https:\/\/sifnostrails.com\/it\/way-marking\/\" \/>\n<meta property=\"og:site_name\" content=\"Sifnos Trails\" \/>\n<meta property=\"article:modified_time\" content=\"2018-08-25T14:08:14+00:00\" \/>\n<meta property=\"og:image\" content=\"https:\/\/sifnostrails.com\/wp-content\/uploads\/2018\/07\/Difficulty.jpg\" \/>\n<meta name=\"twitter:card\" content=\"summary_large_image\" \/>\n<meta name=\"twitter:label1\" content=\"Tempo di lettura stimato\" \/>\n\t<meta name=\"twitter:data1\" content=\"19 minuti\" \/>\n<script type=\"application\/ld+json\" class=\"yoast-schema-graph\">{\"@context\":\"https:\\\/\\\/schema.org\",\"@graph\":[{\"@type\":\"WebPage\",\"@id\":\"https:\\\/\\\/sifnostrails.com\\\/it\\\/way-marking\\\/\",\"url\":\"https:\\\/\\\/sifnostrails.com\\\/it\\\/way-marking\\\/\",\"name\":\"Segnalazione - Sifnos Trails\",\"isPartOf\":{\"@id\":\"https:\\\/\\\/sifnostrails.com\\\/it\\\/#website\"},\"primaryImageOfPage\":{\"@id\":\"https:\\\/\\\/sifnostrails.com\\\/it\\\/way-marking\\\/#primaryimage\"},\"image\":{\"@id\":\"https:\\\/\\\/sifnostrails.com\\\/el\\\/way-marking\\\/#primaryimage\"},\"thumbnailUrl\":\"https:\\\/\\\/sifnostrails.com\\\/wp-content\\\/uploads\\\/2018\\\/07\\\/Difficulty.jpg\",\"datePublished\":\"2018-07-26T21:29:23+00:00\",\"dateModified\":\"2018-08-25T14:08:14+00:00\",\"breadcrumb\":{\"@id\":\"https:\\\/\\\/sifnostrails.com\\\/it\\\/way-marking\\\/#breadcrumb\"},\"inLanguage\":\"it-IT\",\"potentialAction\":[{\"@type\":\"ReadAction\",\"target\":[[\"https:\\\/\\\/sifnostrails.com\\\/it\\\/way-marking\\\/\"]]}]},{\"@type\":\"ImageObject\",\"inLanguage\":\"it-IT\",\"@id\":\"https:\\\/\\\/sifnostrails.com\\\/it\\\/way-marking\\\/#primaryimage\",\"url\":\"https:\\\/\\\/sifnostrails.com\\\/wp-content\\\/uploads\\\/2018\\\/07\\\/Difficulty.jpg\",\"contentUrl\":\"https:\\\/\\\/sifnostrails.com\\\/wp-content\\\/uploads\\\/2018\\\/07\\\/Difficulty.jpg\"},{\"@type\":\"BreadcrumbList\",\"@id\":\"https:\\\/\\\/sifnostrails.com\\\/it\\\/way-marking\\\/#breadcrumb\",\"itemListElement\":[{\"@type\":\"ListItem\",\"position\":1,\"name\":\"Home\",\"item\":\"https:\\\/\\\/sifnostrails.com\\\/it\\\/\"},{\"@type\":\"ListItem\",\"position\":2,\"name\":\"\u03a3\u03ae\u03bc\u03b1\u03bd\u03c3\u03b7\"}]},{\"@type\":\"WebSite\",\"@id\":\"https:\\\/\\\/sifnostrails.com\\\/it\\\/#website\",\"url\":\"https:\\\/\\\/sifnostrails.com\\\/it\\\/\",\"name\":\"Sifnos Trails\",\"description\":\"\",\"potentialAction\":[{\"@type\":\"SearchAction\",\"target\":{\"@type\":\"EntryPoint\",\"urlTemplate\":\"https:\\\/\\\/sifnostrails.com\\\/it\\\/?s={search_term_string}\"},\"query-input\":{\"@type\":\"PropertyValueSpecification\",\"valueRequired\":true,\"valueName\":\"search_term_string\"}}],\"inLanguage\":\"it-IT\"}]}<\/script>\n<!-- \/ Yoast SEO plugin. -->","yoast_head_json":{"title":"Segnalazione - Sifnos Trails","robots":{"index":"index","follow":"follow","max-snippet":"max-snippet:-1","max-image-preview":"max-image-preview:large","max-video-preview":"max-video-preview:-1"},"canonical":"https:\/\/sifnostrails.com\/it\/way-marking\/","og_locale":"it_IT","og_type":"article","og_title":"Segnalazione - Sifnos Trails","og_url":"https:\/\/sifnostrails.com\/it\/way-marking\/","og_site_name":"Sifnos Trails","article_modified_time":"2018-08-25T14:08:14+00:00","og_image":[{"url":"https:\/\/sifnostrails.com\/wp-content\/uploads\/2018\/07\/Difficulty.jpg","type":"","width":"","height":""}],"twitter_card":"summary_large_image","twitter_misc":{"Tempo di lettura stimato":"19 minuti"},"schema":{"@context":"https:\/\/schema.org","@graph":[{"@type":"WebPage","@id":"https:\/\/sifnostrails.com\/it\/way-marking\/","url":"https:\/\/sifnostrails.com\/it\/way-marking\/","name":"Segnalazione - Sifnos Trails","isPartOf":{"@id":"https:\/\/sifnostrails.com\/it\/#website"},"primaryImageOfPage":{"@id":"https:\/\/sifnostrails.com\/it\/way-marking\/#primaryimage"},"image":{"@id":"https:\/\/sifnostrails.com\/el\/way-marking\/#primaryimage"},"thumbnailUrl":"https:\/\/sifnostrails.com\/wp-content\/uploads\/2018\/07\/Difficulty.jpg","datePublished":"2018-07-26T21:29:23+00:00","dateModified":"2018-08-25T14:08:14+00:00","breadcrumb":{"@id":"https:\/\/sifnostrails.com\/it\/way-marking\/#breadcrumb"},"inLanguage":"it-IT","potentialAction":[{"@type":"ReadAction","target":[["https:\/\/sifnostrails.com\/it\/way-marking\/"]]}]},{"@type":"ImageObject","inLanguage":"it-IT","@id":"https:\/\/sifnostrails.com\/it\/way-marking\/#primaryimage","url":"https:\/\/sifnostrails.com\/wp-content\/uploads\/2018\/07\/Difficulty.jpg","contentUrl":"https:\/\/sifnostrails.com\/wp-content\/uploads\/2018\/07\/Difficulty.jpg"},{"@type":"BreadcrumbList","@id":"https:\/\/sifnostrails.com\/it\/way-marking\/#breadcrumb","itemListElement":[{"@type":"ListItem","position":1,"name":"Home","item":"https:\/\/sifnostrails.com\/it\/"},{"@type":"ListItem","position":2,"name":"\u03a3\u03ae\u03bc\u03b1\u03bd\u03c3\u03b7"}]},{"@type":"WebSite","@id":"https:\/\/sifnostrails.com\/it\/#website","url":"https:\/\/sifnostrails.com\/it\/","name":"Sifnos Trails","description":"","potentialAction":[{"@type":"SearchAction","target":{"@type":"EntryPoint","urlTemplate":"https:\/\/sifnostrails.com\/it\/?s={search_term_string}"},"query-input":{"@type":"PropertyValueSpecification","valueRequired":true,"valueName":"search_term_string"}}],"inLanguage":"it-IT"}]}},"_links":{"self":[{"href":"https:\/\/sifnostrails.com\/it\/wp-json\/wp\/v2\/pages\/528","targetHints":{"allow":["GET"]}}],"collection":[{"href":"https:\/\/sifnostrails.com\/it\/wp-json\/wp\/v2\/pages"}],"about":[{"href":"https:\/\/sifnostrails.com\/it\/wp-json\/wp\/v2\/types\/page"}],"author":[{"embeddable":true,"href":"https:\/\/sifnostrails.com\/it\/wp-json\/wp\/v2\/users\/1"}],"replies":[{"embeddable":true,"href":"https:\/\/sifnostrails.com\/it\/wp-json\/wp\/v2\/comments?post=528"}],"version-history":[{"count":8,"href":"https:\/\/sifnostrails.com\/it\/wp-json\/wp\/v2\/pages\/528\/revisions"}],"predecessor-version":[{"id":1302,"href":"https:\/\/sifnostrails.com\/it\/wp-json\/wp\/v2\/pages\/528\/revisions\/1302"}],"wp:attachment":[{"href":"https:\/\/sifnostrails.com\/it\/wp-json\/wp\/v2\/media?parent=528"}],"curies":[{"name":"wp","href":"https:\/\/api.w.org\/{rel}","templated":true}]}}