{"id":10,"date":"2018-07-04T02:24:56","date_gmt":"2018-07-04T00:24:56","guid":{"rendered":"https:\/\/sifnostrails.com\/?page_id=10"},"modified":"2018-09-26T09:22:29","modified_gmt":"2018-09-26T07:22:29","slug":"project","status":"publish","type":"page","link":"https:\/\/sifnostrails.com\/it\/project\/","title":{"rendered":"Il Progetto"},"content":{"rendered":"<p><div class=\"fusion-fullwidth fullwidth-box fusion-builder-row-7 nonhundred-percent-fullwidth non-hundred-percent-height-scrolling\" style=\"--awb-border-radius-top-left:0px;--awb-border-radius-top-right:0px;--awb-border-radius-bottom-right:0px;--awb-border-radius-bottom-left:0px;\" ><div class=\"fusion-builder-row fusion-row\"><div class=\"fusion-layout-column fusion_builder_column fusion-builder-column-9 fusion_builder_column_1_3 1_3 fusion-one-third fusion-column-first\" style=\"--awb-bg-size:cover;--awb-margin-bottom:0px;width:30.6666%; margin-right: 4%;\"><div class=\"fusion-column-wrapper fusion-flex-column-wrapper-legacy\"><div class=\"fusion-text fusion-text-7\"><p><img decoding=\"async\" class=\"aligncenter size-full wp-image-1331\" src=\"https:\/\/sifnostrails.com\/wp-content\/uploads\/2018\/09\/sifnosTrailsLogo-200x276.png\" alt=\"\" width=\"200\" height=\"276\" \/><\/p>\n<\/div><div class=\"fusion-clearfix\"><\/div><\/div><\/div><div class=\"fusion-layout-column fusion_builder_column fusion-builder-column-10 fusion_builder_column_2_3 2_3 fusion-two-third fusion-column-last\" style=\"--awb-bg-size:cover;--awb-margin-bottom:0px;width:65.3333%;\"><div class=\"fusion-column-wrapper fusion-flex-column-wrapper-legacy\"><div class=\"fusion-slider-sc fusion-flexslider-loading flexslider flexslider-hover-type-none\" data-slideshow_autoplay=\"1\" data-slideshow_smooth_height=\"0\" data-slideshow_speed=\"7000\" style=\"max-width:100%;height:100%;\"><ul class=\"slides\"><li class=\"image\"><span class=\"fusion-image-hover-element hover-type-none\"><img decoding=\"async\" src=\"https:\/\/sifnostrails.com\/wp-content\/uploads\/2018\/07\/DSC5333.jpg\" width=\"800\" height=\"532\" \/><\/span><\/li><li class=\"image\"><span class=\"fusion-image-hover-element hover-type-none\"><img decoding=\"async\" src=\"https:\/\/sifnostrails.com\/wp-content\/uploads\/2018\/07\/DSC7433.jpg\" width=\"800\" height=\"532\" \/><\/span><\/li><li class=\"image\"><span class=\"fusion-image-hover-element hover-type-none\"><img decoding=\"async\" src=\"https:\/\/sifnostrails.com\/wp-content\/uploads\/2018\/07\/DSC7435.jpg\" width=\"800\" height=\"532\" \/><\/span><\/li><li class=\"image\"><span class=\"fusion-image-hover-element hover-type-none\"><img decoding=\"async\" src=\"https:\/\/sifnostrails.com\/wp-content\/uploads\/2018\/07\/DSC7567.jpg\" width=\"1200\" height=\"797\" \/><\/span><\/li><li class=\"image\"><span class=\"fusion-image-hover-element hover-type-none\"><img decoding=\"async\" src=\"https:\/\/sifnostrails.com\/wp-content\/uploads\/2018\/07\/IMG_8658.jpg\" width=\"800\" height=\"532\" \/><\/span><\/li><li class=\"image\"><span class=\"fusion-image-hover-element hover-type-none\"><img decoding=\"async\" src=\"https:\/\/sifnostrails.com\/wp-content\/uploads\/2018\/07\/IMG_7283.jpg\" width=\"598\" height=\"398\" \/><\/span><\/li><li class=\"image\"><span class=\"fusion-image-hover-element hover-type-none\"><img decoding=\"async\" src=\"https:\/\/sifnostrails.com\/wp-content\/uploads\/2018\/07\/DSC4982.jpg\" width=\"800\" height=\"532\" \/><\/span><\/li><li class=\"image\"><span class=\"fusion-image-hover-element hover-type-none\"><img decoding=\"async\" src=\"https:\/\/sifnostrails.com\/wp-content\/uploads\/2018\/07\/DSC7651.jpg\" width=\"1200\" height=\"797\" \/><\/span><\/li><\/ul><\/div><div class=\"fusion-clearfix\"><\/div><\/div><\/div><\/div><\/div><div class=\"fusion-fullwidth fullwidth-box fusion-builder-row-8 nonhundred-percent-fullwidth non-hundred-percent-height-scrolling\" style=\"--awb-border-radius-top-left:0px;--awb-border-radius-top-right:0px;--awb-border-radius-bottom-right:0px;--awb-border-radius-bottom-left:0px;\" ><div class=\"fusion-builder-row fusion-row\"><div class=\"fusion-layout-column fusion_builder_column fusion-builder-column-11 fusion_builder_column_1_1 1_1 fusion-one-full fusion-column-first fusion-column-last\" style=\"--awb-bg-size:cover;\"><div class=\"fusion-column-wrapper fusion-flex-column-wrapper-legacy\"><div class=\"fusion-text fusion-text-8\"><p style=\"text-align: justify;\">Sifnos Trails \u00e8 un progetto del Comune di Sifnos iniziato nel 2015. In collaborazione con\u00a0\u00a0<a href=\"http:\/\/www.pathsofgreece.gr\/\">Paths of Greece<\/a>, il Comune ha deciso di migliorare lo stato della rete di sentieri dell\u2019isola. Le vecchie frecce e indicazioni dei sentieri sono state rimpiazzate da nuove, in modo da fornire un sistema di segnalazione omogeneo. Sifnos ora \u00e8 fiera di offrire una rete di pi\u00f9 di 100 km di sentieri segnalati in maniera professionale, una rete fra le pi\u00f9 importanti dell\u2019Egeo.<\/p>\n<p style=\"text-align: justify;\">Obiettivo del progetto Sifnos Trails \u00e8 quello di aiutare i visitatori dell\u2019isola ad esplorare la ricchezza naturale e culturale dell\u2019isola facilmente e in totale sicurezza.<\/p>\n<p style=\"text-align: justify;\">Il progetto \u00e8 stato interamente finanziato dal Comune di Sifnos.<\/p>\n<\/div><div class=\"fusion-clearfix\"><\/div><\/div><\/div><\/div><\/div><\/p>","protected":false},"excerpt":{"rendered":"","protected":false},"author":1,"featured_media":0,"parent":0,"menu_order":0,"comment_status":"closed","ping_status":"closed","template":"","meta":{"footnotes":""},"class_list":["post-10","page","type-page","status-publish","hentry"],"yoast_head":"<!-- This site is optimized with the Yoast SEO plugin v27.3 - https:\/\/yoast.com\/product\/yoast-seo-wordpress\/ -->\n<title>Il Progetto - Sifnos Trails<\/title>\n<meta name=\"robots\" content=\"index, follow, max-snippet:-1, max-image-preview:large, max-video-preview:-1\" \/>\n<link rel=\"canonical\" href=\"https:\/\/sifnostrails.com\/it\/project\/\" \/>\n<meta property=\"og:locale\" content=\"it_IT\" \/>\n<meta property=\"og:type\" content=\"article\" \/>\n<meta property=\"og:title\" content=\"Il Progetto - Sifnos Trails\" \/>\n<meta property=\"og:url\" content=\"https:\/\/sifnostrails.com\/it\/project\/\" \/>\n<meta property=\"og:site_name\" content=\"Sifnos Trails\" \/>\n<meta property=\"article:modified_time\" content=\"2018-09-26T07:22:29+00:00\" \/>\n<meta property=\"og:image\" content=\"https:\/\/sifnostrails.com\/wp-content\/uploads\/2018\/09\/sifnosTrailsLogo-200x276.png\" \/>\n<meta name=\"twitter:card\" content=\"summary_large_image\" \/>\n<meta name=\"twitter:label1\" content=\"Tempo di lettura stimato\" \/>\n\t<meta name=\"twitter:data1\" content=\"17 minuti\" \/>\n<script type=\"application\/ld+json\" class=\"yoast-schema-graph\">{\"@context\":\"https:\\\/\\\/schema.org\",\"@graph\":[{\"@type\":\"WebPage\",\"@id\":\"https:\\\/\\\/sifnostrails.com\\\/it\\\/project\\\/\",\"url\":\"https:\\\/\\\/sifnostrails.com\\\/it\\\/project\\\/\",\"name\":\"Il Progetto - Sifnos Trails\",\"isPartOf\":{\"@id\":\"https:\\\/\\\/sifnostrails.com\\\/it\\\/#website\"},\"primaryImageOfPage\":{\"@id\":\"https:\\\/\\\/sifnostrails.com\\\/it\\\/project\\\/#primaryimage\"},\"image\":{\"@id\":\"https:\\\/\\\/sifnostrails.com\\\/project\\\/#primaryimage\"},\"thumbnailUrl\":\"https:\\\/\\\/sifnostrails.com\\\/wp-content\\\/uploads\\\/2018\\\/09\\\/sifnosTrailsLogo-200x276.png\",\"datePublished\":\"2018-07-04T00:24:56+00:00\",\"dateModified\":\"2018-09-26T07:22:29+00:00\",\"breadcrumb\":{\"@id\":\"https:\\\/\\\/sifnostrails.com\\\/it\\\/project\\\/#breadcrumb\"},\"inLanguage\":\"it-IT\",\"potentialAction\":[{\"@type\":\"ReadAction\",\"target\":[[\"https:\\\/\\\/sifnostrails.com\\\/it\\\/project\\\/\"]]}]},{\"@type\":\"ImageObject\",\"inLanguage\":\"it-IT\",\"@id\":\"https:\\\/\\\/sifnostrails.com\\\/it\\\/project\\\/#primaryimage\",\"url\":\"https:\\\/\\\/sifnostrails.com\\\/wp-content\\\/uploads\\\/2018\\\/09\\\/sifnosTrailsLogo-200x276.png\",\"contentUrl\":\"https:\\\/\\\/sifnostrails.com\\\/wp-content\\\/uploads\\\/2018\\\/09\\\/sifnosTrailsLogo-200x276.png\"},{\"@type\":\"BreadcrumbList\",\"@id\":\"https:\\\/\\\/sifnostrails.com\\\/it\\\/project\\\/#breadcrumb\",\"itemListElement\":[{\"@type\":\"ListItem\",\"position\":1,\"name\":\"Home\",\"item\":\"https:\\\/\\\/sifnostrails.com\\\/it\\\/\"},{\"@type\":\"ListItem\",\"position\":2,\"name\":\"The Project\"}]},{\"@type\":\"WebSite\",\"@id\":\"https:\\\/\\\/sifnostrails.com\\\/it\\\/#website\",\"url\":\"https:\\\/\\\/sifnostrails.com\\\/it\\\/\",\"name\":\"Sifnos Trails\",\"description\":\"\",\"potentialAction\":[{\"@type\":\"SearchAction\",\"target\":{\"@type\":\"EntryPoint\",\"urlTemplate\":\"https:\\\/\\\/sifnostrails.com\\\/it\\\/?s={search_term_string}\"},\"query-input\":{\"@type\":\"PropertyValueSpecification\",\"valueRequired\":true,\"valueName\":\"search_term_string\"}}],\"inLanguage\":\"it-IT\"}]}<\/script>\n<!-- \/ Yoast SEO plugin. -->","yoast_head_json":{"title":"Il Progetto - Sifnos Trails","robots":{"index":"index","follow":"follow","max-snippet":"max-snippet:-1","max-image-preview":"max-image-preview:large","max-video-preview":"max-video-preview:-1"},"canonical":"https:\/\/sifnostrails.com\/it\/project\/","og_locale":"it_IT","og_type":"article","og_title":"Il Progetto - Sifnos Trails","og_url":"https:\/\/sifnostrails.com\/it\/project\/","og_site_name":"Sifnos Trails","article_modified_time":"2018-09-26T07:22:29+00:00","og_image":[{"url":"https:\/\/sifnostrails.com\/wp-content\/uploads\/2018\/09\/sifnosTrailsLogo-200x276.png","type":"","width":"","height":""}],"twitter_card":"summary_large_image","twitter_misc":{"Tempo di lettura stimato":"17 minuti"},"schema":{"@context":"https:\/\/schema.org","@graph":[{"@type":"WebPage","@id":"https:\/\/sifnostrails.com\/it\/project\/","url":"https:\/\/sifnostrails.com\/it\/project\/","name":"Il Progetto - Sifnos Trails","isPartOf":{"@id":"https:\/\/sifnostrails.com\/it\/#website"},"primaryImageOfPage":{"@id":"https:\/\/sifnostrails.com\/it\/project\/#primaryimage"},"image":{"@id":"https:\/\/sifnostrails.com\/project\/#primaryimage"},"thumbnailUrl":"https:\/\/sifnostrails.com\/wp-content\/uploads\/2018\/09\/sifnosTrailsLogo-200x276.png","datePublished":"2018-07-04T00:24:56+00:00","dateModified":"2018-09-26T07:22:29+00:00","breadcrumb":{"@id":"https:\/\/sifnostrails.com\/it\/project\/#breadcrumb"},"inLanguage":"it-IT","potentialAction":[{"@type":"ReadAction","target":[["https:\/\/sifnostrails.com\/it\/project\/"]]}]},{"@type":"ImageObject","inLanguage":"it-IT","@id":"https:\/\/sifnostrails.com\/it\/project\/#primaryimage","url":"https:\/\/sifnostrails.com\/wp-content\/uploads\/2018\/09\/sifnosTrailsLogo-200x276.png","contentUrl":"https:\/\/sifnostrails.com\/wp-content\/uploads\/2018\/09\/sifnosTrailsLogo-200x276.png"},{"@type":"BreadcrumbList","@id":"https:\/\/sifnostrails.com\/it\/project\/#breadcrumb","itemListElement":[{"@type":"ListItem","position":1,"name":"Home","item":"https:\/\/sifnostrails.com\/it\/"},{"@type":"ListItem","position":2,"name":"The Project"}]},{"@type":"WebSite","@id":"https:\/\/sifnostrails.com\/it\/#website","url":"https:\/\/sifnostrails.com\/it\/","name":"Sifnos Trails","description":"","potentialAction":[{"@type":"SearchAction","target":{"@type":"EntryPoint","urlTemplate":"https:\/\/sifnostrails.com\/it\/?s={search_term_string}"},"query-input":{"@type":"PropertyValueSpecification","valueRequired":true,"valueName":"search_term_string"}}],"inLanguage":"it-IT"}]}},"_links":{"self":[{"href":"https:\/\/sifnostrails.com\/it\/wp-json\/wp\/v2\/pages\/10","targetHints":{"allow":["GET"]}}],"collection":[{"href":"https:\/\/sifnostrails.com\/it\/wp-json\/wp\/v2\/pages"}],"about":[{"href":"https:\/\/sifnostrails.com\/it\/wp-json\/wp\/v2\/types\/page"}],"author":[{"embeddable":true,"href":"https:\/\/sifnostrails.com\/it\/wp-json\/wp\/v2\/users\/1"}],"replies":[{"embeddable":true,"href":"https:\/\/sifnostrails.com\/it\/wp-json\/wp\/v2\/comments?post=10"}],"version-history":[{"count":20,"href":"https:\/\/sifnostrails.com\/it\/wp-json\/wp\/v2\/pages\/10\/revisions"}],"predecessor-version":[{"id":1336,"href":"https:\/\/sifnostrails.com\/it\/wp-json\/wp\/v2\/pages\/10\/revisions\/1336"}],"wp:attachment":[{"href":"https:\/\/sifnostrails.com\/it\/wp-json\/wp\/v2\/media?parent=10"}],"curies":[{"name":"wp","href":"https:\/\/api.w.org\/{rel}","templated":true}]}}