{"id":1088,"date":"2018-08-04T15:43:59","date_gmt":"2018-08-04T13:43:59","guid":{"rendered":"https:\/\/sifnostrails.com\/?page_id=1088"},"modified":"2018-08-04T15:49:13","modified_gmt":"2018-08-04T13:49:13","slug":"friendship-trails","status":"publish","type":"page","link":"https:\/\/sifnostrails.com\/fr\/friendship-trails\/","title":{"rendered":"Sentiers jumel\u00e9s!"},"content":{"rendered":"<p><div class=\"fusion-fullwidth fullwidth-box fusion-builder-row-2 nonhundred-percent-fullwidth non-hundred-percent-height-scrolling\" style=\"--awb-border-radius-top-left:0px;--awb-border-radius-top-right:0px;--awb-border-radius-bottom-right:0px;--awb-border-radius-bottom-left:0px;\" ><div class=\"fusion-builder-row fusion-row\"><div class=\"fusion-layout-column fusion_builder_column fusion-builder-column-3 fusion_builder_column_1_1 1_1 fusion-one-full fusion-column-first fusion-column-last\" style=\"--awb-bg-size:cover;\"><div class=\"fusion-column-wrapper fusion-flex-column-wrapper-legacy\"><div class=\"fusion-title title fusion-title-2 fusion-title-text fusion-title-size-one\"><h1 class=\"title-heading-left\" style=\"margin:0;\"><h2 class=\"title-heading-left\">Sentiers jumel\u00e9s entre Sifnos et la Cor\u00e9e du Sud!<\/h2><\/h1><span class=\"awb-title-spacer\"><\/span><div class=\"title-sep-container\"><div class=\"title-sep sep-double sep-solid\" style=\"border-color:#e0dede;\"><\/div><\/div><\/div><div class=\"fusion-clearfix\"><\/div><\/div><\/div><div class=\"fusion-layout-column fusion_builder_column fusion-builder-column-4 fusion_builder_column_2_3 2_3 fusion-two-third fusion-column-first\" style=\"--awb-bg-size:cover;width:66.666666666667%;width:calc(66.666666666667% - ( ( 4% ) * 0.66666666666667 ) );margin-right: 4%;\"><div class=\"fusion-column-wrapper fusion-flex-column-wrapper-legacy\"><div class=\"fusion-slider-sc fusion-flexslider-loading flexslider flexslider-hover-type-none\" data-slideshow_autoplay=\"1\" data-slideshow_smooth_height=\"0\" data-slideshow_speed=\"7000\" style=\"max-width:100%;height:100%;\"><ul class=\"slides\"><li class=\"image\"><span class=\"fusion-image-hover-element hover-type-none\"><img decoding=\"async\" src=\"https:\/\/sifnostrails.com\/wp-content\/uploads\/2018\/08\/\u03a6\u03c9\u0301\u03c4\u03bf-4.jpg\" width=\"1024\" height=\"768\" \/><\/span><\/li><li class=\"image\"><span class=\"fusion-image-hover-element hover-type-none\"><img decoding=\"async\" src=\"https:\/\/sifnostrails.com\/wp-content\/uploads\/2018\/08\/\u03a6\u03c9\u0301\u03c4\u03bf-2.jpg\" width=\"1024\" height=\"768\" \/><\/span><\/li><li class=\"image\"><span class=\"fusion-image-hover-element hover-type-none\"><img decoding=\"async\" src=\"https:\/\/sifnostrails.com\/wp-content\/uploads\/2018\/08\/\u03a6\u03c9\u0301\u03c4\u03bf-3.jpg\" width=\"1024\" height=\"768\" \/><\/span><\/li><li class=\"image\"><span class=\"fusion-image-hover-element hover-type-none\"><img decoding=\"async\" src=\"https:\/\/sifnostrails.com\/wp-content\/uploads\/2018\/08\/DSC_0036.jpg\" width=\"1024\" height=\"576\" \/><\/span><\/li><li class=\"image\"><span class=\"fusion-image-hover-element hover-type-none\"><img decoding=\"async\" src=\"https:\/\/sifnostrails.com\/wp-content\/uploads\/2018\/08\/DSC8483.jpg\" width=\"1024\" height=\"680\" \/><\/span><\/li><li class=\"image\"><span class=\"fusion-image-hover-element hover-type-none\"><img decoding=\"async\" src=\"https:\/\/sifnostrails.com\/wp-content\/uploads\/2018\/08\/DSC_0052.jpg\" width=\"1024\" height=\"576\" \/><\/span><\/li><li class=\"image\"><span class=\"fusion-image-hover-element hover-type-none\"><img decoding=\"async\" src=\"https:\/\/sifnostrails.com\/wp-content\/uploads\/2018\/08\/DSC_0123.jpg\" width=\"1024\" height=\"576\" \/><\/span><\/li><li class=\"image\"><span class=\"fusion-image-hover-element hover-type-none\"><img decoding=\"async\" src=\"https:\/\/sifnostrails.com\/wp-content\/uploads\/2018\/08\/DSC4293.jpg\" width=\"1024\" height=\"680\" \/><\/span><\/li><li class=\"image\"><span class=\"fusion-image-hover-element hover-type-none\"><img decoding=\"async\" src=\"https:\/\/sifnostrails.com\/wp-content\/uploads\/2018\/08\/DSC8462.jpg\" width=\"1024\" height=\"680\" \/><\/span><\/li><li class=\"image\"><span class=\"fusion-image-hover-element hover-type-none\"><img decoding=\"async\" src=\"https:\/\/sifnostrails.com\/wp-content\/uploads\/2018\/08\/DSC8472.jpg\" width=\"1024\" height=\"680\" \/><\/span><\/li><li class=\"image\"><span class=\"fusion-image-hover-element hover-type-none\"><img decoding=\"async\" src=\"https:\/\/sifnostrails.com\/wp-content\/uploads\/2018\/08\/DSC_0069.jpg\" width=\"1024\" height=\"576\" \/><\/span><\/li><li class=\"image\"><span class=\"fusion-image-hover-element hover-type-none\"><img decoding=\"async\" src=\"https:\/\/sifnostrails.com\/wp-content\/uploads\/2018\/08\/DSC_0117.jpg\" width=\"1024\" height=\"576\" \/><\/span><\/li><\/ul><\/div><div class=\"fusion-clearfix\"><\/div><\/div><\/div><div class=\"fusion-layout-column fusion_builder_column fusion-builder-column-5 fusion_builder_column_1_3 1_3 fusion-one-third fusion-column-last\" style=\"--awb-bg-size:cover;width:33.333333333333%;width:calc(33.333333333333% - ( ( 4% ) * 0.33333333333333 ) );\"><div class=\"fusion-column-wrapper fusion-flex-column-wrapper-legacy\"><div class=\"fusion-text fusion-text-2\"><p style=\"text-align: justify;\">Les sentiers de Sifnos, et plus particuli\u00e8rement le\u00a0<a href=\"http:\/\/www.sifnostrails.com\/fr\/portfolio-items\/trail-2\/\" target=\"_blank\" rel=\"noopener\">sentier #2<\/a>\u00a0(Kastro \u2013 Faros \u2013 Chryssopigi) a \u00e9t\u00e9 jumel\u00e9 au sentier\u00a0<a href=\"http:\/\/www.jejuolle.org\/?mid=40&amp;act=view&amp;cs_no=23\" target=\"_blank\" rel=\"noopener\">18-1 de Jeju Olle<\/a>\u00a0(\u00eele de Jeju, en Cor\u00e9e du Sud)! Le jumelage a eu lieu dans le contexte du programme\u00a0<a href=\"http:\/\/worldtrailsnetwork.org\/trails\/friendship-trails\/\" target=\"_blank\" rel=\"noopener\">Friendship Trails<\/a>\u00a0du World Trails Network (R\u00e9seau International des Sentiers). Le contrat a \u00e9t\u00e9 sign\u00e9 entre la Mairie de Sifnos et le Fondation Jeju Olle stipulant aue pendant trois ans les deux sentiers \u00e9changeront des connaissances, feront des actions communes de promotion et chacun incitera ses randonneurs \u00e0 visiter l\u2019autre sentier. Le projet fut une id\u00e9e de\u00a0<a href=\"http:\/\/pathsofgreece.gr\/?lang=en\" target=\"_blank\" rel=\"noopener\">Paths of Greece<\/a>.<\/p>\n<\/div><div class=\"fusion-clearfix\"><\/div><\/div><\/div><\/div><\/div><\/p>","protected":false},"excerpt":{"rendered":"","protected":false},"author":1,"featured_media":0,"parent":0,"menu_order":0,"comment_status":"closed","ping_status":"closed","template":"","meta":{"footnotes":""},"class_list":["post-1088","page","type-page","status-publish","hentry"],"yoast_head":"<!-- This site is optimized with the Yoast SEO plugin v27.3 - https:\/\/yoast.com\/product\/yoast-seo-wordpress\/ -->\n<title>Sentiers jumel\u00e9s! - Sifnos Trails<\/title>\n<meta name=\"robots\" content=\"index, follow, max-snippet:-1, max-image-preview:large, max-video-preview:-1\" \/>\n<link rel=\"canonical\" href=\"https:\/\/sifnostrails.com\/fr\/friendship-trails\/\" \/>\n<meta property=\"og:locale\" content=\"fr_FR\" \/>\n<meta property=\"og:type\" content=\"article\" \/>\n<meta property=\"og:title\" content=\"Sentiers jumel\u00e9s! - Sifnos Trails\" \/>\n<meta property=\"og:url\" content=\"https:\/\/sifnostrails.com\/fr\/friendship-trails\/\" \/>\n<meta property=\"og:site_name\" content=\"Sifnos Trails\" \/>\n<meta property=\"article:modified_time\" content=\"2018-08-04T13:49:13+00:00\" \/>\n<meta name=\"twitter:card\" content=\"summary_large_image\" \/>\n<meta name=\"twitter:label1\" content=\"Dur\u00e9e de lecture estim\u00e9e\" \/>\n\t<meta name=\"twitter:data1\" content=\"17 minutes\" \/>\n<script type=\"application\/ld+json\" class=\"yoast-schema-graph\">{\"@context\":\"https:\\\/\\\/schema.org\",\"@graph\":[{\"@type\":\"WebPage\",\"@id\":\"https:\\\/\\\/sifnostrails.com\\\/fr\\\/friendship-trails\\\/\",\"url\":\"https:\\\/\\\/sifnostrails.com\\\/fr\\\/friendship-trails\\\/\",\"name\":\"Sentiers jumel\u00e9s! - Sifnos Trails\",\"isPartOf\":{\"@id\":\"https:\\\/\\\/sifnostrails.com\\\/fr\\\/#website\"},\"datePublished\":\"2018-08-04T13:43:59+00:00\",\"dateModified\":\"2018-08-04T13:49:13+00:00\",\"breadcrumb\":{\"@id\":\"https:\\\/\\\/sifnostrails.com\\\/fr\\\/friendship-trails\\\/#breadcrumb\"},\"inLanguage\":\"fr-FR\",\"potentialAction\":[{\"@type\":\"ReadAction\",\"target\":[[\"https:\\\/\\\/sifnostrails.com\\\/fr\\\/friendship-trails\\\/\"]]}]},{\"@type\":\"BreadcrumbList\",\"@id\":\"https:\\\/\\\/sifnostrails.com\\\/fr\\\/friendship-trails\\\/#breadcrumb\",\"itemListElement\":[{\"@type\":\"ListItem\",\"position\":1,\"name\":\"Home\",\"item\":\"https:\\\/\\\/sifnostrails.com\\\/fr\\\/\"},{\"@type\":\"ListItem\",\"position\":2,\"name\":\"Friendship trails!\"}]},{\"@type\":\"WebSite\",\"@id\":\"https:\\\/\\\/sifnostrails.com\\\/fr\\\/#website\",\"url\":\"https:\\\/\\\/sifnostrails.com\\\/fr\\\/\",\"name\":\"Sifnos Trails\",\"description\":\"\",\"potentialAction\":[{\"@type\":\"SearchAction\",\"target\":{\"@type\":\"EntryPoint\",\"urlTemplate\":\"https:\\\/\\\/sifnostrails.com\\\/fr\\\/?s={search_term_string}\"},\"query-input\":{\"@type\":\"PropertyValueSpecification\",\"valueRequired\":true,\"valueName\":\"search_term_string\"}}],\"inLanguage\":\"fr-FR\"}]}<\/script>\n<!-- \/ Yoast SEO plugin. -->","yoast_head_json":{"title":"Sentiers jumel\u00e9s! - Sifnos Trails","robots":{"index":"index","follow":"follow","max-snippet":"max-snippet:-1","max-image-preview":"max-image-preview:large","max-video-preview":"max-video-preview:-1"},"canonical":"https:\/\/sifnostrails.com\/fr\/friendship-trails\/","og_locale":"fr_FR","og_type":"article","og_title":"Sentiers jumel\u00e9s! - Sifnos Trails","og_url":"https:\/\/sifnostrails.com\/fr\/friendship-trails\/","og_site_name":"Sifnos Trails","article_modified_time":"2018-08-04T13:49:13+00:00","twitter_card":"summary_large_image","twitter_misc":{"Dur\u00e9e de lecture estim\u00e9e":"17 minutes"},"schema":{"@context":"https:\/\/schema.org","@graph":[{"@type":"WebPage","@id":"https:\/\/sifnostrails.com\/fr\/friendship-trails\/","url":"https:\/\/sifnostrails.com\/fr\/friendship-trails\/","name":"Sentiers jumel\u00e9s! - Sifnos Trails","isPartOf":{"@id":"https:\/\/sifnostrails.com\/fr\/#website"},"datePublished":"2018-08-04T13:43:59+00:00","dateModified":"2018-08-04T13:49:13+00:00","breadcrumb":{"@id":"https:\/\/sifnostrails.com\/fr\/friendship-trails\/#breadcrumb"},"inLanguage":"fr-FR","potentialAction":[{"@type":"ReadAction","target":[["https:\/\/sifnostrails.com\/fr\/friendship-trails\/"]]}]},{"@type":"BreadcrumbList","@id":"https:\/\/sifnostrails.com\/fr\/friendship-trails\/#breadcrumb","itemListElement":[{"@type":"ListItem","position":1,"name":"Home","item":"https:\/\/sifnostrails.com\/fr\/"},{"@type":"ListItem","position":2,"name":"Friendship trails!"}]},{"@type":"WebSite","@id":"https:\/\/sifnostrails.com\/fr\/#website","url":"https:\/\/sifnostrails.com\/fr\/","name":"Sifnos Trails","description":"","potentialAction":[{"@type":"SearchAction","target":{"@type":"EntryPoint","urlTemplate":"https:\/\/sifnostrails.com\/fr\/?s={search_term_string}"},"query-input":{"@type":"PropertyValueSpecification","valueRequired":true,"valueName":"search_term_string"}}],"inLanguage":"fr-FR"}]}},"_links":{"self":[{"href":"https:\/\/sifnostrails.com\/fr\/wp-json\/wp\/v2\/pages\/1088","targetHints":{"allow":["GET"]}}],"collection":[{"href":"https:\/\/sifnostrails.com\/fr\/wp-json\/wp\/v2\/pages"}],"about":[{"href":"https:\/\/sifnostrails.com\/fr\/wp-json\/wp\/v2\/types\/page"}],"author":[{"embeddable":true,"href":"https:\/\/sifnostrails.com\/fr\/wp-json\/wp\/v2\/users\/1"}],"replies":[{"embeddable":true,"href":"https:\/\/sifnostrails.com\/fr\/wp-json\/wp\/v2\/comments?post=1088"}],"version-history":[{"count":5,"href":"https:\/\/sifnostrails.com\/fr\/wp-json\/wp\/v2\/pages\/1088\/revisions"}],"predecessor-version":[{"id":1105,"href":"https:\/\/sifnostrails.com\/fr\/wp-json\/wp\/v2\/pages\/1088\/revisions\/1105"}],"wp:attachment":[{"href":"https:\/\/sifnostrails.com\/fr\/wp-json\/wp\/v2\/media?parent=1088"}],"curies":[{"name":"wp","href":"https:\/\/api.w.org\/{rel}","templated":true}]}}