{"id":10,"date":"2018-07-04T02:24:56","date_gmt":"2018-07-04T00:24:56","guid":{"rendered":"https:\/\/sifnostrails.com\/?page_id=10"},"modified":"2018-09-26T09:22:29","modified_gmt":"2018-09-26T07:22:29","slug":"project","status":"publish","type":"page","link":"https:\/\/sifnostrails.com\/fr\/project\/","title":{"rendered":"Le programme"},"content":{"rendered":"<p><div class=\"fusion-fullwidth fullwidth-box fusion-builder-row-3 nonhundred-percent-fullwidth non-hundred-percent-height-scrolling\" style=\"--awb-border-radius-top-left:0px;--awb-border-radius-top-right:0px;--awb-border-radius-bottom-right:0px;--awb-border-radius-bottom-left:0px;\" ><div class=\"fusion-builder-row fusion-row\"><div class=\"fusion-layout-column fusion_builder_column fusion-builder-column-3 fusion_builder_column_1_3 1_3 fusion-one-third fusion-column-first\" style=\"--awb-bg-size:cover;--awb-margin-bottom:0px;width:30.6666%; margin-right: 4%;\"><div class=\"fusion-column-wrapper fusion-flex-column-wrapper-legacy\"><div class=\"fusion-text fusion-text-3\"><p><img decoding=\"async\" class=\"aligncenter size-full wp-image-1331\" src=\"https:\/\/sifnostrails.com\/wp-content\/uploads\/2018\/09\/sifnosTrailsLogo-200x276.png\" alt=\"\" width=\"200\" height=\"276\" \/><\/p>\n<\/div><div class=\"fusion-clearfix\"><\/div><\/div><\/div><div class=\"fusion-layout-column fusion_builder_column fusion-builder-column-4 fusion_builder_column_2_3 2_3 fusion-two-third fusion-column-last\" style=\"--awb-bg-size:cover;--awb-margin-bottom:0px;width:65.3333%;\"><div class=\"fusion-column-wrapper fusion-flex-column-wrapper-legacy\"><div class=\"fusion-slider-sc fusion-flexslider-loading flexslider flexslider-hover-type-none\" data-slideshow_autoplay=\"1\" data-slideshow_smooth_height=\"0\" data-slideshow_speed=\"7000\" style=\"max-width:100%;height:100%;\"><ul class=\"slides\"><li class=\"image\"><span class=\"fusion-image-hover-element hover-type-none\"><img decoding=\"async\" src=\"https:\/\/sifnostrails.com\/wp-content\/uploads\/2018\/07\/DSC5333.jpg\" width=\"800\" height=\"532\" \/><\/span><\/li><li class=\"image\"><span class=\"fusion-image-hover-element hover-type-none\"><img decoding=\"async\" src=\"https:\/\/sifnostrails.com\/wp-content\/uploads\/2018\/07\/DSC7433.jpg\" width=\"800\" height=\"532\" \/><\/span><\/li><li class=\"image\"><span class=\"fusion-image-hover-element hover-type-none\"><img decoding=\"async\" src=\"https:\/\/sifnostrails.com\/wp-content\/uploads\/2018\/07\/DSC7435.jpg\" width=\"800\" height=\"532\" \/><\/span><\/li><li class=\"image\"><span class=\"fusion-image-hover-element hover-type-none\"><img decoding=\"async\" src=\"https:\/\/sifnostrails.com\/wp-content\/uploads\/2018\/07\/DSC7567.jpg\" width=\"1200\" height=\"797\" \/><\/span><\/li><li class=\"image\"><span class=\"fusion-image-hover-element hover-type-none\"><img decoding=\"async\" src=\"https:\/\/sifnostrails.com\/wp-content\/uploads\/2018\/07\/IMG_8658.jpg\" width=\"800\" height=\"532\" \/><\/span><\/li><li class=\"image\"><span class=\"fusion-image-hover-element hover-type-none\"><img decoding=\"async\" src=\"https:\/\/sifnostrails.com\/wp-content\/uploads\/2018\/07\/IMG_7283.jpg\" width=\"598\" height=\"398\" \/><\/span><\/li><li class=\"image\"><span class=\"fusion-image-hover-element hover-type-none\"><img decoding=\"async\" src=\"https:\/\/sifnostrails.com\/wp-content\/uploads\/2018\/07\/DSC4982.jpg\" width=\"800\" height=\"532\" \/><\/span><\/li><li class=\"image\"><span class=\"fusion-image-hover-element hover-type-none\"><img decoding=\"async\" src=\"https:\/\/sifnostrails.com\/wp-content\/uploads\/2018\/07\/DSC7651.jpg\" width=\"1200\" height=\"797\" \/><\/span><\/li><\/ul><\/div><div class=\"fusion-clearfix\"><\/div><\/div><\/div><\/div><\/div><div class=\"fusion-fullwidth fullwidth-box fusion-builder-row-4 nonhundred-percent-fullwidth non-hundred-percent-height-scrolling\" style=\"--awb-border-radius-top-left:0px;--awb-border-radius-top-right:0px;--awb-border-radius-bottom-right:0px;--awb-border-radius-bottom-left:0px;\" ><div class=\"fusion-builder-row fusion-row\"><div class=\"fusion-layout-column fusion_builder_column fusion-builder-column-5 fusion_builder_column_1_1 1_1 fusion-one-full fusion-column-first fusion-column-last\" style=\"--awb-bg-size:cover;\"><div class=\"fusion-column-wrapper fusion-flex-column-wrapper-legacy\"><div class=\"fusion-text fusion-text-4\"><div class=\"fusion-one-third one_third fusion-layout-column fusion-column spacing-yes\">\n<div class=\"fusion-column-wrapper\" style=\"text-align: justify;\">Sifnos Trails est un projet de la Municipailt\u00e9 de Sifnos, qui a commenc\u00e9 en 2015. En collaboration avec\u00a0<a href=\"http:\/\/www.pathsofgreece.gr\/\" target=\"_blank\" rel=\"noopener\">Paths of Greece<\/a>, la Municipalit\u00e9 a d\u00e9cid\u00e9 d\u2019am\u00e9liorer l\u2019\u00e9tat du r\u00e9seau des sentiers de l\u2019\u00eele. Les vieilles balises et poteaux directionnels ont \u00e9t\u00e9 \u00e9loign\u00e9s et remplac\u00e9s par des nouveaux, harmonisant ainsi le balisage des sentiers. Sifnos expose maintenant avec fiert\u00e9 plus de 100km de sentiers professionnellement balis\u00e9s, un des r\u00e9seaux les plus important de la Mer Eg\u00e9e.<\/div>\n<\/div>\n<div class=\"fusion-two-third two_third fusion-layout-column fusion-column last spacing-yes\" style=\"text-align: justify;\">\n<div class=\"fusion-column-wrapper\">\n<div id=\"rev_slider_23_1_wrapper\" class=\"rev_slider_wrapper fullwidthbanner-container avada-skin-rev avada-skin-rev-nav\">\n<div id=\"rev_slider_23_1\" class=\"rev_slider fullwidthabanner revslider-initialised tp-simpleresponsive\">\n<div class=\"slotholder\" data-duration=\"undefined\" data-zoomstart=\"undefined\" data-zoomend=\"undefined\" data-rotationstart=\"undefined\" data-rotationend=\"undefined\" data-ease=\"undefined\" data-bgpositionend=\"undefined\" data-bgposition=\"center top\" data-kenburns=\"undefined\" data-easeme=\"undefined\" data-bgfit=\"cover\" data-bgfitend=\"undefined\" data-owidth=\"undefined\" data-oheight=\"undefined\"><\/div>\n<\/div>\n<\/div>\n<\/div>\n<\/div>\n<p style=\"text-align: justify;\">Le but ultime du projet Sifnos Trails est d\u2019aider les visiteurs de l\u2019\u00eele a explorer le richesse naturelles et culturelles de l\u2019\u00eele en s\u00e9curit\u00e9 et en toute facilit\u00e9.<\/p>\n<p style=\"text-align: justify;\">Le projet a \u00e9t\u00e9 totalement financ\u00e9 par la Municipalit\u00e9 de Sifnos.<\/p>\n<\/div><div class=\"fusion-clearfix\"><\/div><\/div><\/div><\/div><\/div><\/p>","protected":false},"excerpt":{"rendered":"","protected":false},"author":1,"featured_media":0,"parent":0,"menu_order":0,"comment_status":"closed","ping_status":"closed","template":"","meta":{"footnotes":""},"class_list":["post-10","page","type-page","status-publish","hentry"],"yoast_head":"<!-- This site is optimized with the Yoast SEO plugin v27.4 - https:\/\/yoast.com\/product\/yoast-seo-wordpress\/ -->\n<title>Le programme - Sifnos Trails<\/title>\n<meta name=\"robots\" content=\"index, follow, max-snippet:-1, max-image-preview:large, max-video-preview:-1\" \/>\n<link rel=\"canonical\" href=\"https:\/\/sifnostrails.com\/fr\/project\/\" \/>\n<meta property=\"og:locale\" content=\"fr_FR\" \/>\n<meta property=\"og:type\" content=\"article\" \/>\n<meta property=\"og:title\" content=\"Le programme - Sifnos Trails\" \/>\n<meta property=\"og:url\" content=\"https:\/\/sifnostrails.com\/fr\/project\/\" \/>\n<meta property=\"og:site_name\" content=\"Sifnos Trails\" \/>\n<meta property=\"article:modified_time\" content=\"2018-09-26T07:22:29+00:00\" \/>\n<meta property=\"og:image\" content=\"https:\/\/sifnostrails.com\/wp-content\/uploads\/2018\/09\/sifnosTrailsLogo-200x276.png\" \/>\n<meta name=\"twitter:card\" content=\"summary_large_image\" \/>\n<meta name=\"twitter:label1\" content=\"Dur\u00e9e de lecture estim\u00e9e\" \/>\n\t<meta name=\"twitter:data1\" content=\"17 minutes\" \/>\n<script type=\"application\/ld+json\" class=\"yoast-schema-graph\">{\"@context\":\"https:\\\/\\\/schema.org\",\"@graph\":[{\"@type\":\"WebPage\",\"@id\":\"https:\\\/\\\/sifnostrails.com\\\/fr\\\/project\\\/\",\"url\":\"https:\\\/\\\/sifnostrails.com\\\/fr\\\/project\\\/\",\"name\":\"Le programme - Sifnos Trails\",\"isPartOf\":{\"@id\":\"https:\\\/\\\/sifnostrails.com\\\/fr\\\/#website\"},\"primaryImageOfPage\":{\"@id\":\"https:\\\/\\\/sifnostrails.com\\\/fr\\\/project\\\/#primaryimage\"},\"image\":{\"@id\":\"https:\\\/\\\/sifnostrails.com\\\/project\\\/#primaryimage\"},\"thumbnailUrl\":\"https:\\\/\\\/sifnostrails.com\\\/wp-content\\\/uploads\\\/2018\\\/09\\\/sifnosTrailsLogo-200x276.png\",\"datePublished\":\"2018-07-04T00:24:56+00:00\",\"dateModified\":\"2018-09-26T07:22:29+00:00\",\"breadcrumb\":{\"@id\":\"https:\\\/\\\/sifnostrails.com\\\/fr\\\/project\\\/#breadcrumb\"},\"inLanguage\":\"fr-FR\",\"potentialAction\":[{\"@type\":\"ReadAction\",\"target\":[[\"https:\\\/\\\/sifnostrails.com\\\/fr\\\/project\\\/\"]]}]},{\"@type\":\"ImageObject\",\"inLanguage\":\"fr-FR\",\"@id\":\"https:\\\/\\\/sifnostrails.com\\\/fr\\\/project\\\/#primaryimage\",\"url\":\"https:\\\/\\\/sifnostrails.com\\\/wp-content\\\/uploads\\\/2018\\\/09\\\/sifnosTrailsLogo-200x276.png\",\"contentUrl\":\"https:\\\/\\\/sifnostrails.com\\\/wp-content\\\/uploads\\\/2018\\\/09\\\/sifnosTrailsLogo-200x276.png\"},{\"@type\":\"BreadcrumbList\",\"@id\":\"https:\\\/\\\/sifnostrails.com\\\/fr\\\/project\\\/#breadcrumb\",\"itemListElement\":[{\"@type\":\"ListItem\",\"position\":1,\"name\":\"Home\",\"item\":\"https:\\\/\\\/sifnostrails.com\\\/fr\\\/\"},{\"@type\":\"ListItem\",\"position\":2,\"name\":\"The Project\"}]},{\"@type\":\"WebSite\",\"@id\":\"https:\\\/\\\/sifnostrails.com\\\/fr\\\/#website\",\"url\":\"https:\\\/\\\/sifnostrails.com\\\/fr\\\/\",\"name\":\"Sifnos Trails\",\"description\":\"\",\"potentialAction\":[{\"@type\":\"SearchAction\",\"target\":{\"@type\":\"EntryPoint\",\"urlTemplate\":\"https:\\\/\\\/sifnostrails.com\\\/fr\\\/?s={search_term_string}\"},\"query-input\":{\"@type\":\"PropertyValueSpecification\",\"valueRequired\":true,\"valueName\":\"search_term_string\"}}],\"inLanguage\":\"fr-FR\"}]}<\/script>\n<!-- \/ Yoast SEO plugin. -->","yoast_head_json":{"title":"Le programme - Sifnos Trails","robots":{"index":"index","follow":"follow","max-snippet":"max-snippet:-1","max-image-preview":"max-image-preview:large","max-video-preview":"max-video-preview:-1"},"canonical":"https:\/\/sifnostrails.com\/fr\/project\/","og_locale":"fr_FR","og_type":"article","og_title":"Le programme - Sifnos Trails","og_url":"https:\/\/sifnostrails.com\/fr\/project\/","og_site_name":"Sifnos Trails","article_modified_time":"2018-09-26T07:22:29+00:00","og_image":[{"url":"https:\/\/sifnostrails.com\/wp-content\/uploads\/2018\/09\/sifnosTrailsLogo-200x276.png","type":"","width":"","height":""}],"twitter_card":"summary_large_image","twitter_misc":{"Dur\u00e9e de lecture estim\u00e9e":"17 minutes"},"schema":{"@context":"https:\/\/schema.org","@graph":[{"@type":"WebPage","@id":"https:\/\/sifnostrails.com\/fr\/project\/","url":"https:\/\/sifnostrails.com\/fr\/project\/","name":"Le programme - Sifnos Trails","isPartOf":{"@id":"https:\/\/sifnostrails.com\/fr\/#website"},"primaryImageOfPage":{"@id":"https:\/\/sifnostrails.com\/fr\/project\/#primaryimage"},"image":{"@id":"https:\/\/sifnostrails.com\/project\/#primaryimage"},"thumbnailUrl":"https:\/\/sifnostrails.com\/wp-content\/uploads\/2018\/09\/sifnosTrailsLogo-200x276.png","datePublished":"2018-07-04T00:24:56+00:00","dateModified":"2018-09-26T07:22:29+00:00","breadcrumb":{"@id":"https:\/\/sifnostrails.com\/fr\/project\/#breadcrumb"},"inLanguage":"fr-FR","potentialAction":[{"@type":"ReadAction","target":[["https:\/\/sifnostrails.com\/fr\/project\/"]]}]},{"@type":"ImageObject","inLanguage":"fr-FR","@id":"https:\/\/sifnostrails.com\/fr\/project\/#primaryimage","url":"https:\/\/sifnostrails.com\/wp-content\/uploads\/2018\/09\/sifnosTrailsLogo-200x276.png","contentUrl":"https:\/\/sifnostrails.com\/wp-content\/uploads\/2018\/09\/sifnosTrailsLogo-200x276.png"},{"@type":"BreadcrumbList","@id":"https:\/\/sifnostrails.com\/fr\/project\/#breadcrumb","itemListElement":[{"@type":"ListItem","position":1,"name":"Home","item":"https:\/\/sifnostrails.com\/fr\/"},{"@type":"ListItem","position":2,"name":"The Project"}]},{"@type":"WebSite","@id":"https:\/\/sifnostrails.com\/fr\/#website","url":"https:\/\/sifnostrails.com\/fr\/","name":"Sifnos Trails","description":"","potentialAction":[{"@type":"SearchAction","target":{"@type":"EntryPoint","urlTemplate":"https:\/\/sifnostrails.com\/fr\/?s={search_term_string}"},"query-input":{"@type":"PropertyValueSpecification","valueRequired":true,"valueName":"search_term_string"}}],"inLanguage":"fr-FR"}]}},"_links":{"self":[{"href":"https:\/\/sifnostrails.com\/fr\/wp-json\/wp\/v2\/pages\/10","targetHints":{"allow":["GET"]}}],"collection":[{"href":"https:\/\/sifnostrails.com\/fr\/wp-json\/wp\/v2\/pages"}],"about":[{"href":"https:\/\/sifnostrails.com\/fr\/wp-json\/wp\/v2\/types\/page"}],"author":[{"embeddable":true,"href":"https:\/\/sifnostrails.com\/fr\/wp-json\/wp\/v2\/users\/1"}],"replies":[{"embeddable":true,"href":"https:\/\/sifnostrails.com\/fr\/wp-json\/wp\/v2\/comments?post=10"}],"version-history":[{"count":20,"href":"https:\/\/sifnostrails.com\/fr\/wp-json\/wp\/v2\/pages\/10\/revisions"}],"predecessor-version":[{"id":1336,"href":"https:\/\/sifnostrails.com\/fr\/wp-json\/wp\/v2\/pages\/10\/revisions\/1336"}],"wp:attachment":[{"href":"https:\/\/sifnostrails.com\/fr\/wp-json\/wp\/v2\/media?parent=10"}],"curies":[{"name":"wp","href":"https:\/\/api.w.org\/{rel}","templated":true}]}}