{"id":10,"date":"2018-07-04T02:24:56","date_gmt":"2018-07-04T00:24:56","guid":{"rendered":"https:\/\/sifnostrails.com\/?page_id=10"},"modified":"2018-09-26T09:22:29","modified_gmt":"2018-09-26T07:22:29","slug":"project","status":"publish","type":"page","link":"https:\/\/sifnostrails.com\/de\/project\/","title":{"rendered":"Das Projekt"},"content":{"rendered":"<p><div class=\"fusion-fullwidth fullwidth-box fusion-builder-row-9 nonhundred-percent-fullwidth non-hundred-percent-height-scrolling\" style=\"--awb-border-radius-top-left:0px;--awb-border-radius-top-right:0px;--awb-border-radius-bottom-right:0px;--awb-border-radius-bottom-left:0px;\" ><div class=\"fusion-builder-row fusion-row\"><div class=\"fusion-layout-column fusion_builder_column fusion-builder-column-12 fusion_builder_column_1_3 1_3 fusion-one-third fusion-column-first\" style=\"--awb-bg-size:cover;--awb-margin-bottom:0px;width:30.6666%; margin-right: 4%;\"><div class=\"fusion-column-wrapper fusion-flex-column-wrapper-legacy\"><div class=\"fusion-text fusion-text-9\"><p><img decoding=\"async\" class=\"aligncenter size-full wp-image-1331\" src=\"https:\/\/sifnostrails.com\/wp-content\/uploads\/2018\/09\/sifnosTrailsLogo-200x276.png\" alt=\"\" width=\"200\" height=\"276\" \/><\/p>\n<\/div><div class=\"fusion-clearfix\"><\/div><\/div><\/div><div class=\"fusion-layout-column fusion_builder_column fusion-builder-column-13 fusion_builder_column_2_3 2_3 fusion-two-third fusion-column-last\" style=\"--awb-bg-size:cover;--awb-margin-bottom:0px;width:65.3333%;\"><div class=\"fusion-column-wrapper fusion-flex-column-wrapper-legacy\"><div class=\"fusion-slider-sc fusion-flexslider-loading flexslider flexslider-hover-type-none\" data-slideshow_autoplay=\"1\" data-slideshow_smooth_height=\"0\" data-slideshow_speed=\"7000\" style=\"max-width:100%;height:100%;\"><ul class=\"slides\"><li class=\"image\"><span class=\"fusion-image-hover-element hover-type-none\"><img decoding=\"async\" src=\"https:\/\/sifnostrails.com\/wp-content\/uploads\/2018\/07\/DSC5333.jpg\" width=\"800\" height=\"532\" \/><\/span><\/li><li class=\"image\"><span class=\"fusion-image-hover-element hover-type-none\"><img decoding=\"async\" src=\"https:\/\/sifnostrails.com\/wp-content\/uploads\/2018\/07\/DSC7433.jpg\" width=\"800\" height=\"532\" \/><\/span><\/li><li class=\"image\"><span class=\"fusion-image-hover-element hover-type-none\"><img decoding=\"async\" src=\"https:\/\/sifnostrails.com\/wp-content\/uploads\/2018\/07\/DSC7435.jpg\" width=\"800\" height=\"532\" \/><\/span><\/li><li class=\"image\"><span class=\"fusion-image-hover-element hover-type-none\"><img decoding=\"async\" src=\"https:\/\/sifnostrails.com\/wp-content\/uploads\/2018\/07\/DSC7567.jpg\" width=\"1200\" height=\"797\" \/><\/span><\/li><li class=\"image\"><span class=\"fusion-image-hover-element hover-type-none\"><img decoding=\"async\" src=\"https:\/\/sifnostrails.com\/wp-content\/uploads\/2018\/07\/IMG_8658.jpg\" width=\"800\" height=\"532\" \/><\/span><\/li><li class=\"image\"><span class=\"fusion-image-hover-element hover-type-none\"><img decoding=\"async\" src=\"https:\/\/sifnostrails.com\/wp-content\/uploads\/2018\/07\/IMG_7283.jpg\" width=\"598\" height=\"398\" \/><\/span><\/li><li class=\"image\"><span class=\"fusion-image-hover-element hover-type-none\"><img decoding=\"async\" src=\"https:\/\/sifnostrails.com\/wp-content\/uploads\/2018\/07\/DSC4982.jpg\" width=\"800\" height=\"532\" \/><\/span><\/li><li class=\"image\"><span class=\"fusion-image-hover-element hover-type-none\"><img decoding=\"async\" src=\"https:\/\/sifnostrails.com\/wp-content\/uploads\/2018\/07\/DSC7651.jpg\" width=\"1200\" height=\"797\" \/><\/span><\/li><\/ul><\/div><div class=\"fusion-clearfix\"><\/div><\/div><\/div><\/div><\/div><div class=\"fusion-fullwidth fullwidth-box fusion-builder-row-10 nonhundred-percent-fullwidth non-hundred-percent-height-scrolling\" style=\"--awb-border-radius-top-left:0px;--awb-border-radius-top-right:0px;--awb-border-radius-bottom-right:0px;--awb-border-radius-bottom-left:0px;\" ><div class=\"fusion-builder-row fusion-row\"><div class=\"fusion-layout-column fusion_builder_column fusion-builder-column-14 fusion_builder_column_1_1 1_1 fusion-one-full fusion-column-first fusion-column-last\" style=\"--awb-bg-size:cover;\"><div class=\"fusion-column-wrapper fusion-flex-column-wrapper-legacy\"><div class=\"fusion-text fusion-text-10\"><p style=\"text-align: justify;\">Sifnos Trails ist ein Projekt der Gemeindeverwaltung Sifnos, das im Jahr 2015 begonnen wurde. In Zusammenarbeit mit Paths of Greece hat die Gemeindeverwaltung beschlossen, das Wanderwege-Netzwerk der Insel zu verbessern. Die alten Wegemarkierungen wurden entfernt und mit neuen ersetzt, um alle Wegemarkierungen der Insel zu vereinheitlichen. Sifnos hat nun mehr als 100km professionell gestaltete und ausgeschilderte Wanderwege, eines der gr\u00f6\u00dften Wanderwege-Netzwerke der \u00c4g\u00e4is.<\/p>\n<p style=\"text-align: justify;\">Das Ziel des Projektes \u201aSifnos Trails\u2018 ist es, den Besuchern dabei zu helfen, die nat\u00fcrliche und kulturelle Vielfalt der Insel auf eine angenehme Art zu entdecken.<\/p>\n<p style=\"text-align: justify;\">Das Projekt wurde komplett finanziert von der Gemeindeverwaltung Sifnos.<\/p>\n<\/div><div class=\"fusion-clearfix\"><\/div><\/div><\/div><\/div><\/div><\/p>","protected":false},"excerpt":{"rendered":"","protected":false},"author":1,"featured_media":0,"parent":0,"menu_order":0,"comment_status":"closed","ping_status":"closed","template":"","meta":{"footnotes":""},"class_list":["post-10","page","type-page","status-publish","hentry"],"yoast_head":"<!-- This site is optimized with the Yoast SEO plugin v27.3 - https:\/\/yoast.com\/product\/yoast-seo-wordpress\/ -->\n<title>Das Projekt - Sifnos Trails<\/title>\n<meta name=\"robots\" content=\"index, follow, max-snippet:-1, max-image-preview:large, max-video-preview:-1\" \/>\n<link rel=\"canonical\" href=\"https:\/\/sifnostrails.com\/de\/project\/\" \/>\n<meta property=\"og:locale\" content=\"de_DE\" \/>\n<meta property=\"og:type\" content=\"article\" \/>\n<meta property=\"og:title\" content=\"Das Projekt - Sifnos Trails\" \/>\n<meta property=\"og:url\" content=\"https:\/\/sifnostrails.com\/de\/project\/\" \/>\n<meta property=\"og:site_name\" content=\"Sifnos Trails\" \/>\n<meta property=\"article:modified_time\" content=\"2018-09-26T07:22:29+00:00\" \/>\n<meta property=\"og:image\" content=\"https:\/\/sifnostrails.com\/wp-content\/uploads\/2018\/09\/sifnosTrailsLogo-200x276.png\" \/>\n<meta name=\"twitter:card\" content=\"summary_large_image\" \/>\n<meta name=\"twitter:label1\" content=\"Gesch\u00e4tzte Lesezeit\" \/>\n\t<meta name=\"twitter:data1\" content=\"17\u00a0Minuten\" \/>\n<script type=\"application\/ld+json\" class=\"yoast-schema-graph\">{\"@context\":\"https:\\\/\\\/schema.org\",\"@graph\":[{\"@type\":\"WebPage\",\"@id\":\"https:\\\/\\\/sifnostrails.com\\\/de\\\/project\\\/\",\"url\":\"https:\\\/\\\/sifnostrails.com\\\/de\\\/project\\\/\",\"name\":\"Das Projekt - Sifnos Trails\",\"isPartOf\":{\"@id\":\"https:\\\/\\\/sifnostrails.com\\\/de\\\/#website\"},\"primaryImageOfPage\":{\"@id\":\"https:\\\/\\\/sifnostrails.com\\\/de\\\/project\\\/#primaryimage\"},\"image\":{\"@id\":\"https:\\\/\\\/sifnostrails.com\\\/project\\\/#primaryimage\"},\"thumbnailUrl\":\"https:\\\/\\\/sifnostrails.com\\\/wp-content\\\/uploads\\\/2018\\\/09\\\/sifnosTrailsLogo-200x276.png\",\"datePublished\":\"2018-07-04T00:24:56+00:00\",\"dateModified\":\"2018-09-26T07:22:29+00:00\",\"breadcrumb\":{\"@id\":\"https:\\\/\\\/sifnostrails.com\\\/de\\\/project\\\/#breadcrumb\"},\"inLanguage\":\"de\",\"potentialAction\":[{\"@type\":\"ReadAction\",\"target\":[[\"https:\\\/\\\/sifnostrails.com\\\/de\\\/project\\\/\"]]}]},{\"@type\":\"ImageObject\",\"inLanguage\":\"de\",\"@id\":\"https:\\\/\\\/sifnostrails.com\\\/de\\\/project\\\/#primaryimage\",\"url\":\"https:\\\/\\\/sifnostrails.com\\\/wp-content\\\/uploads\\\/2018\\\/09\\\/sifnosTrailsLogo-200x276.png\",\"contentUrl\":\"https:\\\/\\\/sifnostrails.com\\\/wp-content\\\/uploads\\\/2018\\\/09\\\/sifnosTrailsLogo-200x276.png\"},{\"@type\":\"BreadcrumbList\",\"@id\":\"https:\\\/\\\/sifnostrails.com\\\/de\\\/project\\\/#breadcrumb\",\"itemListElement\":[{\"@type\":\"ListItem\",\"position\":1,\"name\":\"Home\",\"item\":\"https:\\\/\\\/sifnostrails.com\\\/de\\\/\"},{\"@type\":\"ListItem\",\"position\":2,\"name\":\"The Project\"}]},{\"@type\":\"WebSite\",\"@id\":\"https:\\\/\\\/sifnostrails.com\\\/de\\\/#website\",\"url\":\"https:\\\/\\\/sifnostrails.com\\\/de\\\/\",\"name\":\"Sifnos Trails\",\"description\":\"\",\"potentialAction\":[{\"@type\":\"SearchAction\",\"target\":{\"@type\":\"EntryPoint\",\"urlTemplate\":\"https:\\\/\\\/sifnostrails.com\\\/de\\\/?s={search_term_string}\"},\"query-input\":{\"@type\":\"PropertyValueSpecification\",\"valueRequired\":true,\"valueName\":\"search_term_string\"}}],\"inLanguage\":\"de\"}]}<\/script>\n<!-- \/ Yoast SEO plugin. -->","yoast_head_json":{"title":"Das Projekt - Sifnos Trails","robots":{"index":"index","follow":"follow","max-snippet":"max-snippet:-1","max-image-preview":"max-image-preview:large","max-video-preview":"max-video-preview:-1"},"canonical":"https:\/\/sifnostrails.com\/de\/project\/","og_locale":"de_DE","og_type":"article","og_title":"Das Projekt - Sifnos Trails","og_url":"https:\/\/sifnostrails.com\/de\/project\/","og_site_name":"Sifnos Trails","article_modified_time":"2018-09-26T07:22:29+00:00","og_image":[{"url":"https:\/\/sifnostrails.com\/wp-content\/uploads\/2018\/09\/sifnosTrailsLogo-200x276.png","type":"","width":"","height":""}],"twitter_card":"summary_large_image","twitter_misc":{"Gesch\u00e4tzte Lesezeit":"17\u00a0Minuten"},"schema":{"@context":"https:\/\/schema.org","@graph":[{"@type":"WebPage","@id":"https:\/\/sifnostrails.com\/de\/project\/","url":"https:\/\/sifnostrails.com\/de\/project\/","name":"Das Projekt - Sifnos Trails","isPartOf":{"@id":"https:\/\/sifnostrails.com\/de\/#website"},"primaryImageOfPage":{"@id":"https:\/\/sifnostrails.com\/de\/project\/#primaryimage"},"image":{"@id":"https:\/\/sifnostrails.com\/project\/#primaryimage"},"thumbnailUrl":"https:\/\/sifnostrails.com\/wp-content\/uploads\/2018\/09\/sifnosTrailsLogo-200x276.png","datePublished":"2018-07-04T00:24:56+00:00","dateModified":"2018-09-26T07:22:29+00:00","breadcrumb":{"@id":"https:\/\/sifnostrails.com\/de\/project\/#breadcrumb"},"inLanguage":"de","potentialAction":[{"@type":"ReadAction","target":[["https:\/\/sifnostrails.com\/de\/project\/"]]}]},{"@type":"ImageObject","inLanguage":"de","@id":"https:\/\/sifnostrails.com\/de\/project\/#primaryimage","url":"https:\/\/sifnostrails.com\/wp-content\/uploads\/2018\/09\/sifnosTrailsLogo-200x276.png","contentUrl":"https:\/\/sifnostrails.com\/wp-content\/uploads\/2018\/09\/sifnosTrailsLogo-200x276.png"},{"@type":"BreadcrumbList","@id":"https:\/\/sifnostrails.com\/de\/project\/#breadcrumb","itemListElement":[{"@type":"ListItem","position":1,"name":"Home","item":"https:\/\/sifnostrails.com\/de\/"},{"@type":"ListItem","position":2,"name":"The Project"}]},{"@type":"WebSite","@id":"https:\/\/sifnostrails.com\/de\/#website","url":"https:\/\/sifnostrails.com\/de\/","name":"Sifnos Trails","description":"","potentialAction":[{"@type":"SearchAction","target":{"@type":"EntryPoint","urlTemplate":"https:\/\/sifnostrails.com\/de\/?s={search_term_string}"},"query-input":{"@type":"PropertyValueSpecification","valueRequired":true,"valueName":"search_term_string"}}],"inLanguage":"de"}]}},"_links":{"self":[{"href":"https:\/\/sifnostrails.com\/de\/wp-json\/wp\/v2\/pages\/10","targetHints":{"allow":["GET"]}}],"collection":[{"href":"https:\/\/sifnostrails.com\/de\/wp-json\/wp\/v2\/pages"}],"about":[{"href":"https:\/\/sifnostrails.com\/de\/wp-json\/wp\/v2\/types\/page"}],"author":[{"embeddable":true,"href":"https:\/\/sifnostrails.com\/de\/wp-json\/wp\/v2\/users\/1"}],"replies":[{"embeddable":true,"href":"https:\/\/sifnostrails.com\/de\/wp-json\/wp\/v2\/comments?post=10"}],"version-history":[{"count":20,"href":"https:\/\/sifnostrails.com\/de\/wp-json\/wp\/v2\/pages\/10\/revisions"}],"predecessor-version":[{"id":1336,"href":"https:\/\/sifnostrails.com\/de\/wp-json\/wp\/v2\/pages\/10\/revisions\/1336"}],"wp:attachment":[{"href":"https:\/\/sifnostrails.com\/de\/wp-json\/wp\/v2\/media?parent=10"}],"curies":[{"name":"wp","href":"https:\/\/api.w.org\/{rel}","templated":true}]}}